{"id":591,"date":"2017-09-30T09:51:40","date_gmt":"2017-09-30T09:51:40","guid":{"rendered":"https:\/\/import.brothersthemes.com\/nur\/?page_id=6"},"modified":"2022-05-05T11:41:54","modified_gmt":"2022-05-05T11:41:54","slug":"home-1","status":"publish","type":"page","link":"https:\/\/rconstruccionesmallorca.com\/","title":{"rendered":"Inicio"},"content":{"rendered":"<p>[vc_row full_width=\u00bbstretch_row_content_no_spaces\u00bb][vc_column][rev_slider_vc alias=\u00bbhome-slider-1&#8243;][\/vc_column][\/vc_row][vc_section css=\u00bb.vc_custom_1504726400091{padding-top: 80px !important;}\u00bb][vc_row][vc_column width=\u00bb2\/3&#8243; offset=\u00bbvc_col-md-offset-0 vc_col-md-5 vc_col-sm-offset-2&#8243;][nur_section_heading decoration=\u00bbline\u00bb el_class=\u00bbml-md-0 text-center text-md-left\u00bb]<\/p>\n<h2>Bienvenidos<\/h2>\n<p>En Reformas y Construcciones Mallorca simplemente te encuentras en manos de expertos en la construcci\u00f3n de obras, en reformas parciales o integrales, tenemos profesionales en fontaner\u00eda, en instalaciones el\u00e9ctricas y de placas fotovoltaicas. Tambi\u00e9n ofrecimos servicios de mantenimiento de jardines y piscinas.[\/nur_section_heading][\/vc_column][vc_column offset=\u00bbvc_col-lg-offset-1 vc_col-lg-6 vc_col-md-offset-0 vc_col-md-7 vc_col-sm-offset-0&#8243;][vc_column_text]Convertimos tus deseos realidad.<\/p>\n<p>Somos la empresa con referencia en el sector de la construcci\u00f3n y reformas en Mallorca especialmente y en todas las islas de Baleares generalmente.<\/p>\n<p>Non esforzamos al m\u00e1ximo para brindar a nuestros clientes la mejor calidad con una experiencia de muchos a\u00f1os que nos permita optimizar al m\u00e1ximo tus presupuestos.[\/vc_column_text][\/vc_column][\/vc_row][\/vc_section][vc_section parallax=\u00bbscroll\u00bb parallax_speed_bg=\u00bb0.75&#8243; css=\u00bb.vc_custom_1646506732305{padding-top: 70px !important;padding-bottom: 0px !important;background-image: url(https:\/\/rconstruccionesmallorca.com\/wp-content\/uploads\/2022\/03\/joel-filipe-jU9VAZDGMzs-unsplash-scaled.jpg?id=645) !important;}\u00bb][vc_row parallax=\u00bbscroll\u00bb parallax_speed_bg=\u00bb0.75&#8243;][vc_column][nur_cta_box layout=\u00bbhorizontal image-middle\u00bb image_size=\u00bb\u00bb button_text=\u00bbCont\u00e1ctanos\u00bb button_href=\u00bbhttps:\/\/rconstruccionesmallorca.com\/index.php\/contacts\/\u00bb css=\u00bb.vc_custom_1647722398055{padding-top: 30px !important;padding-bottom: 30px !important;}\u00bb]<\/p>\n<p>&nbsp;<\/p>\n<h3 style=\"text-align: center; color: #ffffff;\"><em><strong>Vamos a construir tu mundo<\/strong><\/em><\/h3>\n<p>&nbsp;<\/p>\n<p>&nbsp;<\/p>\n<p>[\/nur_cta_box][\/vc_column][\/vc_row][\/vc_section][vc_section css=\u00bb.vc_custom_1646502232939{background: #f9f9f9 url(https:\/\/rconstruccionesmallorca.com\/wp-content\/uploads\/2022\/03\/shapelined-scaled.jpg?id=648) !important;background-position: center !important;background-repeat: no-repeat !important;background-size: cover !important;}\u00bb][vc_row][vc_column][nur_section_heading decoration=\u00bbline\u00bb]<\/p>\n<h2 style=\"text-align: center;\">Nuestros servicios<\/h2>\n<p style=\"text-align: center;\">Abarcamos todos los servicios que necesitas. Desde la proyecci\u00f3n y construcci\u00f3n hasta la recogida y limpieza final.<\/p>\n<p>[\/nur_section_heading][\/vc_column][\/vc_row][vc_row][vc_column][nur_services_carousel posts_per_page=\u00bb6&#8243; dots_nav=\u00bbhide\u00bb][\/vc_column][\/vc_row][vc_row][vc_column][vc_column_text]<\/p>\n<p style=\"text-align: center;\"><a class=\"btn btn-primary\" href=\"https:\/\/rconstruccionesmallorca.com\/index.php\/services\/\">Ve a todos nuestros servicios<\/a><\/p>\n<p>[\/vc_column_text][\/vc_column][\/vc_row][\/vc_section][vc_section][vc_row][vc_column][nur_section_heading decoration=\u00bbline\u00bb]<\/p>\n<h2 style=\"text-align: center;\">Nuestra galer\u00eda de proyectos<\/h2>\n<p style=\"text-align: center;\">En esta secci\u00f3n encontraras fotos de nuestros \u00faltimos proyectos realizados en la isla de Mallorca.<\/p>\n<p>[\/nur_section_heading][vc_images_carousel images=\u00bb860,712,703,707,689,682,681,686,675&#8243; img_size=\u00bb1350&#215;1000&#8243; onclick=\u00bblink_no\u00bb slides_per_view=\u00bb4&#8243; autoplay=\u00bbyes\u00bb hide_pagination_control=\u00bbyes\u00bb][vc_gallery interval=\u00bb3&#8243; images=\u00bb867,866,865,864,863,862,861,860,716,714,717,715,713,712,711,710,708,698,699,700,701,702,703,704,705,706,707&#8243; img_size=\u00bb450&#215;350&#8243; onclick=\u00bb\u00bb][\/vc_column][\/vc_row][vc_row][vc_column][vc_column_text]<\/p>\n<p style=\"text-align: center;\"><a class=\"btn btn-primary\" href=\"https:\/\/rconstruccionesmallorca.com\/index.php\/projects\/\">Ve a todos los proyectos<\/a><\/p>\n<p>[\/vc_column_text][\/vc_column][\/vc_row][\/vc_section][vc_row full_width=\u00bbstretch_row_content_no_spaces\u00bb css=\u00bb.vc_custom_1504844722431{background-color: #f9f9f9 !important;}\u00bb][vc_column][nur_image_section image_id=\u00bb741&#8243;][nur_section_heading decoration=\u00bbline\u00bb el_class=\u00bbml-md-0 text-center text-md-left\u00bb]<\/p>\n<h2>Sobre la empresa<\/h2>\n<p>Reformas y Construcciones Mallorca, es la empresa que se esfuerza para construir tu mundo. Nos dedicamos a la construcci\u00f3n y reformas integrales en todas las islas de Baleares hace m\u00e1s de 20 a\u00f1os.[\/nur_section_heading][vc_column_text]En Reformas y Construcciones Mallorca se encuentra un equipo de profesionales implicados para convertir tu sueno en realidad. Ofrecemos servicios integrales y te acompa\u00f1amos desde el dise\u00f1o y la proyecci\u00f3n, pasando por la elecci\u00f3n del material hasta la definici\u00f3n y los \u00faltimos detalles, e incluso la limpieza al final.<\/p>\n<p>Somos un equipo de profesionales alba\u00f1iles, fontaneros, electricistas e instaladores de placas fotovoltaicas. En nuestro equipo de profesionales se encuentran paisajistas y jardineros. Tambi\u00e9n tenemos personal especializado en la limpieza y mantenimiento de piscinas.<\/p>\n<p>Contamos con una experiencia de m\u00e1s de 20 a\u00f1os para ofrecerte soluciones eficaces dentro del \u00e1mbito de la construcci\u00f3n y reformas y al mejor precio garantizado.<\/p>\n<p class=\"text-center text-md-left\"><a class=\"btn btn-primary\" style=\"margin-top: 30px;\" href=\"https:\/\/rconstruccionesmallorca.com\/index.php\/about\/\">Leer m\u00e1s<\/a><\/p>\n<p>[\/vc_column_text][\/nur_image_section][\/vc_column][\/vc_row][vc_row full_width=\u00bbstretch_row_content_no_spaces\u00bb css=\u00bb.vc_custom_1510635529303{border-top-width: 1px !important;border-top-color: #e0e0e0 !important;border-top-style: solid !important;}\u00bb][vc_column][nur_image_section layout=\u00bbcover-image content-right\u00bb image_id=\u00bb764&#8243;][nur_section_heading decoration=\u00bbline\u00bb el_class=\u00bbml-md-0 text-center text-md-left\u00bb]<\/p>\n<h2>Por qu\u00e9 elegirnos<\/h2>\n<p>A la hora de elegir encontrar\u00e1s varias empresas \u201csimilares\u201d, y es por eso que exponemos varias razones de por qu\u00e9 elegirnos frente a otras.[\/nur_section_heading][vc_column_text]<img loading=\"lazy\" class=\"wp-image-762 alignleft\" src=\"https:\/\/rconstruccionesmallorca.com\/wp-content\/uploads\/2022\/03\/exitoso-300x300.png\" alt=\"\" width=\"70\" height=\"71\" srcset=\"https:\/\/rconstruccionesmallorca.com\/wp-content\/uploads\/2022\/03\/exitoso-300x300.png 300w, https:\/\/rconstruccionesmallorca.com\/wp-content\/uploads\/2022\/03\/exitoso-80x80.png 80w, https:\/\/rconstruccionesmallorca.com\/wp-content\/uploads\/2022\/03\/exitoso-90x90.png 90w, https:\/\/rconstruccionesmallorca.com\/wp-content\/uploads\/2022\/03\/exitoso-133x133.png 133w, https:\/\/rconstruccionesmallorca.com\/wp-content\/uploads\/2022\/03\/exitoso-235x235.png 235w, https:\/\/rconstruccionesmallorca.com\/wp-content\/uploads\/2022\/03\/exitoso-480x480.png 480w, https:\/\/rconstruccionesmallorca.com\/wp-content\/uploads\/2022\/03\/exitoso.png 512w\" sizes=\"(max-width: 70px) 100vw, 70px\" \/><\/p>\n<p>Porque somos\u00a0<strong>un equipo de profesionales<\/strong>\u00a0que trabajamos volcados\u00a0<b>para asegurar la realizaci\u00f3n de todos los proyectos \u00a0con \u00e9xito<\/b>.<\/p>\n<div style=\"clear: both;\"><\/div>\n<p><img loading=\"lazy\" class=\"wp-image-763 alignleft\" src=\"https:\/\/rconstruccionesmallorca.com\/wp-content\/uploads\/2022\/03\/unido-300x300.png\" alt=\"\" width=\"70\" height=\"70\" srcset=\"https:\/\/rconstruccionesmallorca.com\/wp-content\/uploads\/2022\/03\/unido-300x300.png 300w, https:\/\/rconstruccionesmallorca.com\/wp-content\/uploads\/2022\/03\/unido-80x80.png 80w, https:\/\/rconstruccionesmallorca.com\/wp-content\/uploads\/2022\/03\/unido-90x90.png 90w, https:\/\/rconstruccionesmallorca.com\/wp-content\/uploads\/2022\/03\/unido-133x133.png 133w, https:\/\/rconstruccionesmallorca.com\/wp-content\/uploads\/2022\/03\/unido-235x235.png 235w, https:\/\/rconstruccionesmallorca.com\/wp-content\/uploads\/2022\/03\/unido-480x480.png 480w, https:\/\/rconstruccionesmallorca.com\/wp-content\/uploads\/2022\/03\/unido.png 512w\" sizes=\"(max-width: 70px) 100vw, 70px\" \/><strong>Aseguramos el cumplimiento de los plazos<\/strong> establecidos, porque <strong>somos implicados al cien por cien<\/strong>.<\/p>\n<div style=\"clear: both;\"><\/div>\n<p><img loading=\"lazy\" class=\"wp-image-761 alignleft\" src=\"https:\/\/rconstruccionesmallorca.com\/wp-content\/uploads\/2022\/03\/precio-economico-300x300.png\" alt=\"\" width=\"71\" height=\"71\" srcset=\"https:\/\/rconstruccionesmallorca.com\/wp-content\/uploads\/2022\/03\/precio-economico-300x300.png 300w, https:\/\/rconstruccionesmallorca.com\/wp-content\/uploads\/2022\/03\/precio-economico-80x80.png 80w, https:\/\/rconstruccionesmallorca.com\/wp-content\/uploads\/2022\/03\/precio-economico-90x90.png 90w, https:\/\/rconstruccionesmallorca.com\/wp-content\/uploads\/2022\/03\/precio-economico-133x133.png 133w, https:\/\/rconstruccionesmallorca.com\/wp-content\/uploads\/2022\/03\/precio-economico-235x235.png 235w, https:\/\/rconstruccionesmallorca.com\/wp-content\/uploads\/2022\/03\/precio-economico-480x480.png 480w, https:\/\/rconstruccionesmallorca.com\/wp-content\/uploads\/2022\/03\/precio-economico.png 512w\" sizes=\"(max-width: 71px) 100vw, 71px\" \/><strong>Trabajamos para brindar las propuestas m\u00e1s adecuadas y econ\u00f3micas<\/strong>.\u00a0 La suma de <strong>nuestra experiencia<\/strong> nos permite obtener un <strong>resultado muy superior<\/strong> al <strong>costo reflejado.<\/strong><\/p>\n<div style=\"clear: both;\"><\/div>\n<div><\/div>\n<p class=\"text-center text-md-left\"><a class=\"btn btn-primary\" style=\"margin-top: 30px;\" href=\"https:\/\/rconstruccionesmallorca.com\/index.php\/about\/\">Leer m\u00e1s<\/a><\/p>\n<p>[\/vc_column_text][\/nur_image_section][\/vc_column][\/vc_row][vc_row full_width=\u00bbstretch_row_content_no_spaces\u00bb css=\u00bb.vc_custom_1510672278073{background-color: #f9f9f9 !important;}\u00bb][vc_column width=\u00bb1\/3&#8243;][nur_feature_box icon_font=\u00bbthemify\u00bb icon_themify=\u00bbti-flag-alt-2&#8243; layout=\u00bblarge-icon icon-circle\u00bb]<\/p>\n<h4>Cercan\u00eda al cliente<\/h4>\n<p>Nos convertimos a socios de nuestros clientes ofreci\u00e9ndoles nuestra empat\u00eda y explic\u00e1ndoles todos los detalles.[\/nur_feature_box][\/vc_column][vc_column width=\u00bb1\/3&#8243;][nur_feature_box icon_font=\u00bbthemify\u00bb icon_themify=\u00bbti-crown\u00bb layout=\u00bblarge-icon icon-circle\u00bb]<\/p>\n<h4>Alto nivel de servicios<\/h4>\n<p>Nuestra experiencia nos permite ofrecer a nuestros clientes servicios de alto nivel de satisfacci\u00f3n.[\/nur_feature_box][\/vc_column][vc_column width=\u00bb1\/3&#8243;][nur_feature_box icon_font=\u00bbthemify\u00bb icon_themify=\u00bbti-truck\u00bb layout=\u00bblarge-icon icon-circle\u00bb]<\/p>\n<h4>Tiempo de realizaci\u00f3n optimo<\/h4>\n<p>Abarcamos todos los detalles y esfuerzo para cumplir nuestro compromiso de realizaci\u00f3n.[\/nur_feature_box][\/vc_column][\/vc_row][vc_section css=\u00bb.vc_custom_1505060975221{border-top-width: 0px !important;}\u00bb][\/vc_section][vc_section css=\u00bb.vc_custom_1647869690148{padding-top: 0px !important;padding-bottom: 0px !important;background-color: #2953a6 !important;}\u00bb][vc_row parallax=\u00bbscroll\u00bb parallax_speed_bg=\u00bb0.75&#8243;][vc_column][nur_cta_box button_text=\u00bbVe a nuestros proyectos\u00bb button_href=\u00bbhttps:\/\/rconstruccionesmallorca.com\/index.php\/projects\/\u00bb button_class=\u00bbbtn-secondary btn-large\u00bb el_class=\u00bbtext-white\u00bb]<\/p>\n<h2 style=\"text-align: center;\">Vamos a construir tu mundo<\/h2>\n<h4 style=\"text-align: center;\">Convertimos tu terreno, tu solar, tu casa, tu lugar de trabajo o cualquier lugar que deseas en tu mundo.<\/h4>\n<p>[\/nur_cta_box][\/vc_column][\/vc_row][\/vc_section][vc_section][\/vc_section][vc_row][vc_column][nur_logo_box image_ids=\u00bb639,638,636,635,640&#8243;][\/vc_column][\/vc_row]<\/p>\n","protected":false},"excerpt":{"rendered":"<p>[vc_row full_width=\u00bbstretch_row_content_no_spaces\u00bb][vc_column][rev_slider_vc alias=\u00bbhome-slider-1&#8243;][\/vc_column][\/vc_row][vc_section css=\u00bb.vc_custom_1504726400091{padding-top: 80px !important;}\u00bb][vc_row][vc_column width=\u00bb2\/3&#8243; offset=\u00bbvc_col-md-offset-0 vc_col-md-5 vc_col-sm-offset-2&#8243;][nur_section_heading decoration=\u00bbline\u00bb el_class=\u00bbml-md-0 text-center text-md-left\u00bb] Bienvenidos En Reformas y Construcciones Mallorca simplemente te encuentras en manos de expertos en la construcci\u00f3n de obras, en reformas parciales o integrales, tenemos profesionales en fontaner\u00eda, en instalaciones el\u00e9ctricas y de placas fotovoltaicas. Tambi\u00e9n ofrecimos servicios de mantenimiento de jardines [&hellip;]<\/p>\n","protected":false},"author":1,"featured_media":0,"parent":0,"menu_order":1,"comment_status":"closed","ping_status":"closed","template":"","meta":{"_monsterinsights_skip_tracking":false,"_monsterinsights_sitenote_active":false,"_monsterinsights_sitenote_note":"","_monsterinsights_sitenote_category":0},"_links":{"self":[{"href":"https:\/\/rconstruccionesmallorca.com\/index.php\/wp-json\/wp\/v2\/pages\/591"}],"collection":[{"href":"https:\/\/rconstruccionesmallorca.com\/index.php\/wp-json\/wp\/v2\/pages"}],"about":[{"href":"https:\/\/rconstruccionesmallorca.com\/index.php\/wp-json\/wp\/v2\/types\/page"}],"author":[{"embeddable":true,"href":"https:\/\/rconstruccionesmallorca.com\/index.php\/wp-json\/wp\/v2\/users\/1"}],"replies":[{"embeddable":true,"href":"https:\/\/rconstruccionesmallorca.com\/index.php\/wp-json\/wp\/v2\/comments?post=591"}],"version-history":[{"count":44,"href":"https:\/\/rconstruccionesmallorca.com\/index.php\/wp-json\/wp\/v2\/pages\/591\/revisions"}],"predecessor-version":[{"id":888,"href":"https:\/\/rconstruccionesmallorca.com\/index.php\/wp-json\/wp\/v2\/pages\/591\/revisions\/888"}],"wp:attachment":[{"href":"https:\/\/rconstruccionesmallorca.com\/index.php\/wp-json\/wp\/v2\/media?parent=591"}],"curies":[{"name":"wp","href":"https:\/\/api.w.org\/{rel}","templated":true}]}}